{"id":567,"date":"2025-09-26T17:53:14","date_gmt":"2025-09-26T17:53:14","guid":{"rendered":"https:\/\/shop.morolamps.com\/?post_type=product&#038;p=567"},"modified":"2025-09-26T17:53:14","modified_gmt":"2025-09-26T17:53:14","slug":"gold-brass-dome-light-fixture-ref-1723","status":"publish","type":"product","link":"https:\/\/shop.morolamps.com\/index.php\/product\/gold-brass-dome-light-fixture-ref-1723\/","title":{"rendered":"Gold Brass Dome Light Fixture &#8211; Ref. 1723"},"content":{"rendered":"<section id=\"shopify-section-template--18262061351214__main\" class=\"shopify-section section\">\n<section id=\"MainProduct-template--18262061351214__main\" class=\"page-width section-template--18262061351214__main-padding\" data-section=\"template--18262061351214__main\">\n<div class=\"product product--large product--left product--stacked product--mobile-hide grid grid--1-col grid--2-col-tablet\">\n<div class=\"product__info-wrapper grid__item\">\n<div>Taxes incluses.\u00a0<a href=\"https:\/\/shop.morolamps.com\/\">Frais d&#8217;exp\u00e9dition<\/a>\u00a0calcul\u00e9s \u00e0 l&#8217;\u00e9tape de paiement.<\/div>\n<div class=\"product__description rte quick-add-hidden\">Moroccan handmade brass . A perfect ceiling fixture decoration handmade .Perfect d\u00e9cor for your interior for any room in your home:bedroom, living room, entry, and office.<br \/>\nThis hanging lamp producing a great effect in the room when lighting, giving a Moroccan and oriental style to your interior desing.<\/p>\n<p>Product Info<\/p>\n<div>* Handmade In Mrocco<br \/>\n* Materials : Brass<br \/>\n*\u00a0Finish : Gold Brass<\/div>\n<div>* Brass ceiling canop, Chain included<\/div>\n<div>* Hard wired ready to install<\/div>\n<div>* care, Wipe with a soft damp cloth; do not use cleaners or abrasives<\/div>\n<\/div>\n<\/div>\n<\/div>\n<\/section>\n<\/section>\n<section id=\"shopify-section-template--18262061351214__multicolumn\" class=\"shopify-section section\">\n<div class=\"multicolumn color-background-1 gradient background-primary no-heading\">\n<div class=\"page-width section-template--18262061351214__multicolumn-padding isolate\">\n<ul id=\"Slider-template--18262061351214__multicolumn\" class=\"multicolumn-list contains-content-container grid grid--1-col-tablet-down grid--2-col-desktop\" role=\"list\">\n<li id=\"Slide-template--18262061351214__multicolumn-1\" class=\"multicolumn-list__item grid__item\">\n<div class=\"multicolumn-card content-container\">\n<div class=\"multicolumn-card__info\">\n<div class=\"rte\">\n<h3><strong>FREE WORLDWIDE STANDARD SHIPPING<\/strong><\/h3>\n<ul>\n<li>To guarantee your entire satisfaction we have\u00a0<strong>included free\u00a0worldwide\u00a0standard shipping\u00a0<\/strong>for all Lighting items.<\/li>\n<li>The order processing time vary between\u00a0<strong>5-8 business days\u00a0<\/strong>depending on your specific requirements.<\/li>\n<li>The shipment arrival time is between\u00a0<strong>7-21 business days\u00a0<\/strong>depending on the continent.<\/li>\n<li>To protect your order from any potential damage, we fully\u00a0<strong>package your lighting items in\u00a0a wooden box.<\/strong><\/li>\n<li>Once the order is shipped, you will receive an\u00a0<strong>email confirmation with the tracking number<\/strong>.<\/li>\n<\/ul>\n<\/div>\n<\/div>\n<\/div>\n<\/li>\n<\/ul>\n<\/div>\n<\/div>\n<\/section>\n","protected":false},"excerpt":{"rendered":"<p>Taxes incluses.\u00a0Frais d&#8217;exp\u00e9dition\u00a0calcul\u00e9s \u00e0 l&#8217;\u00e9tape de paiement. Moroccan handmade brass . A perfect ceiling fixture decoration handmade .Perfect d\u00e9cor for your interior for any room in your home:bedroom, living room, entry, and office. This hanging lamp producing a great effect<span class=\"excerpt-hellip\"> [\u2026]<\/span><\/p>\n","protected":false},"featured_media":569,"comment_status":"open","ping_status":"closed","template":"","meta":[],"product_brand":[],"product_cat":[14],"product_tag":[],"class_list":{"0":"post-567","1":"product","2":"type-product","3":"status-publish","4":"has-post-thumbnail","6":"product_cat-uncategorized","8":"first","9":"instock","10":"sale","11":"shipping-taxable","12":"purchasable","13":"product-type-simple"},"jetpack_sharing_enabled":true,"_links":{"self":[{"href":"https:\/\/shop.morolamps.com\/index.php\/wp-json\/wp\/v2\/product\/567","targetHints":{"allow":["GET"]}}],"collection":[{"href":"https:\/\/shop.morolamps.com\/index.php\/wp-json\/wp\/v2\/product"}],"about":[{"href":"https:\/\/shop.morolamps.com\/index.php\/wp-json\/wp\/v2\/types\/product"}],"replies":[{"embeddable":true,"href":"https:\/\/shop.morolamps.com\/index.php\/wp-json\/wp\/v2\/comments?post=567"}],"wp:featuredmedia":[{"embeddable":true,"href":"https:\/\/shop.morolamps.com\/index.php\/wp-json\/wp\/v2\/media\/569"}],"wp:attachment":[{"href":"https:\/\/shop.morolamps.com\/index.php\/wp-json\/wp\/v2\/media?parent=567"}],"wp:term":[{"taxonomy":"product_brand","embeddable":true,"href":"https:\/\/shop.morolamps.com\/index.php\/wp-json\/wp\/v2\/product_brand?post=567"},{"taxonomy":"product_cat","embeddable":true,"href":"https:\/\/shop.morolamps.com\/index.php\/wp-json\/wp\/v2\/product_cat?post=567"},{"taxonomy":"product_tag","embeddable":true,"href":"https:\/\/shop.morolamps.com\/index.php\/wp-json\/wp\/v2\/product_tag?post=567"}],"curies":[{"name":"wp","href":"https:\/\/api.w.org\/{rel}","templated":true}]}}